{"id":8,"date":"2025-10-24T06:30:05","date_gmt":"2025-10-24T06:30:05","guid":{"rendered":"https:\/\/consultoriacimex.com\/about\/"},"modified":"2026-04-07T20:53:59","modified_gmt":"2026-04-07T20:53:59","slug":"about","status":"publish","type":"page","link":"https:\/\/consultoriacimex.com\/homepage\/about\/","title":{"rendered":"Nosotros"},"content":{"rendered":"\n<div class=\"wp-block-uagb-container uagb-block-84b1a4f4 alignfull uagb-is-root-container\"><div class=\"uagb-container-inner-blocks-wrap\">\n<div class=\"wp-block-uagb-info-box uagb-block-6157101b uagb-infobox__content-wrap  uagb-infobox-icon-above-title uagb-infobox-image-valign-top\"><div class=\"uagb-ifb-content\"><div class=\"uagb-ifb-title-wrap\"><h1 class=\"uagb-ifb-title\">Acerca de nosotros<\/h1><\/div><div class=\"uagb-ifb-separator\"><\/div><\/div><\/div>\n<\/div><\/div>\n\n\n\n<div class=\"wp-block-uagb-container uagb-layout-grid uagb-block-012e3f1c alignfull uagb-is-root-container\"><div class=\"uagb-container-inner-blocks-wrap\">\n<div class=\"wp-block-group is-nowrap is-layout-flex wp-container-core-group-is-layout-6c531013 wp-block-group-is-layout-flex\">\n<div class=\"wp-block-uagb-container uagb-block-fda13d6b\">\n<div class=\"wp-block-uagb-info-box uagb-block-1c9f2911 uagb-infobox__content-wrap  uagb-infobox-icon-above-title uagb-infobox-image-valign-top\"><div class=\"uagb-ifb-content\"><div class=\"uagb-ifb-title-wrap\"><h6 class=\"uagb-ifb-title-prefix\">\u00bfQuienes somos?<\/h6><h5 class=\"uagb-ifb-title\"><font dir=\"auto\" style=\"vertical-align: inherit\"><font dir=\"auto\" style=\"vertical-align: inherit\">Somos una empresa dedicada a explotar el m\u00e1ximo potencial de <\/font><\/font>su empresa.<\/h5><\/div><\/div><\/div>\n<\/div>\n\n\n\n<div class=\"wp-block-uagb-container uagb-block-6911cb7d\">\n<div class=\"wp-block-uagb-info-box uagb-block-4a8e13c2 uagb-infobox__content-wrap  uagb-infobox-icon-above-title uagb-infobox-image-valign-top\"><div class=\"uagb-ifb-content\"><div class=\"uagb-ifb-title-wrap\"><h3 class=\"uagb-ifb-title\"><br>OFERTA DE VALOR DE NUESTROS SERVICIOS<\/h3><\/div><p class=\"uagb-ifb-desc\"><br>En Consultor\u00eda y Capacitaci\u00f3n Integral de M\u00e9xico, nuestro compromiso es brindar soluciones integrales y personalizadas, a trav\u00e9s de certificaciones, auditor\u00edas, capacitaci\u00f3n y desarrollo de proyectos, que impulsan el crecimiento y la competitividad de las empresas. Optimizamos recursos y fortalecemos procesos claves de la operatividad en las organizaciones.<br><br>Nuestra experiencia en implementaci\u00f3n de Sistemas de Gesti\u00f3n de Calidad, innovaci\u00f3n tecnol\u00f3gica y desarrollo del capital humano, garantizan resultados medibles y sostenibles, alineados con las necesidades estrat\u00e9gicas de nuestros clientes en el mercado actual, generando la transformaci\u00f3n y el \u00e9xito anhelado.<\/p><\/div><\/div>\n<\/div>\n<\/div>\n\n\n\n<div class=\"wp-block-uagb-separator uagb-block-e53605d2\"><div class=\"wp-block-uagb-separator__inner\" style=\"--my-background-image:\"><\/div><\/div>\n\n\n\n<div class=\"wp-block-columns has-ast-global-color-5-background-color has-background is-layout-flex wp-container-core-columns-is-layout-28f84493 wp-block-columns-is-layout-flex\">\n<div class=\"wp-block-column is-layout-flow wp-block-column-is-layout-flow\">\n<div class=\"wp-block-uagb-info-box uagb-block-1b307a22 uagb-infobox__content-wrap  uagb-infobox-icon-above-title uagb-infobox-image-valign-top\"><div class=\"uagb-ifb-content\"><div class=\"uagb-ifb-icon-wrap\"><svg xmlns=\"https:\/\/www.w3.org\/2000\/svg\" viewBox=\"0 0 576 512\"><path d=\"M287.1 0C305.7 0 320 14.33 320 32V160C320 177.7 305.7 192 287.1 192C270.3 192 255.1 177.7 255.1 160V109.3L54.63 310.6C42.13 323.1 21.87 323.1 9.372 310.6C-3.124 298.1-3.124 277.9 9.372 265.4L210.7 64H159.1C142.3 64 127.1 49.67 127.1 32C127.1 14.33 142.3 0 159.1 0H287.1zM576 80C576 106.5 554.5 128 528 128C501.5 128 480 106.5 480 80C480 53.49 501.5 32 528 32C554.5 32 576 53.49 576 80zM448 208C448 234.5 426.5 256 400 256C373.5 256 352 234.5 352 208C352 181.5 373.5 160 400 160C426.5 160 448 181.5 448 208zM352 336C352 309.5 373.5 288 400 288C426.5 288 448 309.5 448 336C448 362.5 426.5 384 400 384C373.5 384 352 362.5 352 336zM448 464C448 490.5 426.5 512 400 512C373.5 512 352 490.5 352 464C352 437.5 373.5 416 400 416C426.5 416 448 437.5 448 464zM576 464C576 490.5 554.5 512 528 512C501.5 512 480 490.5 480 464C480 437.5 501.5 416 528 416C554.5 416 576 437.5 576 464zM223.1 336C223.1 309.5 245.5 288 271.1 288C298.5 288 320 309.5 320 336C320 362.5 298.5 384 271.1 384C245.5 384 223.1 362.5 223.1 336zM320 464C320 490.5 298.5 512 271.1 512C245.5 512 223.1 490.5 223.1 464C223.1 437.5 245.5 416 271.1 416C298.5 416 320 437.5 320 464zM95.1 464C95.1 437.5 117.5 416 143.1 416C170.5 416 191.1 437.5 191.1 464C191.1 490.5 170.5 512 143.1 512C117.5 512 95.1 490.5 95.1 464zM576 336C576 362.5 554.5 384 528 384C501.5 384 480 362.5 480 336C480 309.5 501.5 288 528 288C554.5 288 576 309.5 576 336zM480 208C480 181.5 501.5 160 528 160C554.5 160 576 181.5 576 208C576 234.5 554.5 256 528 256C501.5 256 480 234.5 480 208z\"><\/path><\/svg><\/div><div class=\"uagb-ifb-title-wrap\"><h3 class=\"uagb-ifb-title\"><font dir=\"auto\" style=\"vertical-align: inherit\"><font dir=\"auto\" style=\"vertical-align: inherit\"><font dir=\"auto\" style=\"vertical-align: inherit\"><font dir=\"auto\" style=\"vertical-align: inherit\">Experiencia profesional<\/font><\/font><\/font><\/font><\/h3><\/div><p class=\"uagb-ifb-desc\"><font dir=\"auto\" style=\"vertical-align: inherit\"><font dir=\"auto\" style=\"vertical-align: inherit\">En CIMEX tenemos mentes maestras al frente, con conocimientos amplios en tecnolog\u00eda y gesti\u00f3n empresarial.<\/font><\/font><\/p><\/div><\/div>\n<\/div>\n\n\n\n<div class=\"wp-block-column is-layout-flow wp-block-column-is-layout-flow\">\n<div class=\"wp-block-uagb-info-box uagb-block-fff5b913 uagb-infobox__content-wrap  uagb-infobox-icon-above-title uagb-infobox-image-valign-top\"><div class=\"uagb-ifb-content\"><div class=\"uagb-ifb-icon-wrap\"><svg xmlns=\"https:\/\/www.w3.org\/2000\/svg\" viewBox=\"0 0 384 512\"><path d=\"M19 272.5l40.62 18C63.78 292.3 68.25 293.3 72.72 293.3c4 0 8.001-.7543 11.78-2.289l12.75-5.125c9.125-3.625 16-11.12 18.75-20.5L125.2 234.8C127 227.9 131.5 222.2 137.9 219.1L160 208v50.38C160 276.5 149.6 293.1 133.4 301.2L76.25 329.9C49.12 343.5 32 371.1 32 401.5V416h319.9l-.0417-192c0-105.1-85.83-192-191.8-192H12C5.375 32 0 37.38 0 44c0 2.625 .625 5.25 1.75 7.625L16 80L7 89C2.5 93.5 0 99.62 0 106V243.2C0 255.9 7.5 267.4 19 272.5zM52 128C63 128 72 137 72 148S63 168 52 168S32 159 32 148S41 128 52 128zM336 448H47.1C21.49 448 0 469.5 0 495.1C0 504.8 7.163 512 16 512h352c8.837 0 16-7.163 16-16C384 469.5 362.5 448 336 448z\"><\/path><\/svg><\/div><div class=\"uagb-ifb-title-wrap\"><h3 class=\"uagb-ifb-title\"><font dir=\"auto\" style=\"vertical-align: inherit\"><font dir=\"auto\" style=\"vertical-align: inherit\"><font dir=\"auto\" style=\"vertical-align: inherit\"><font dir=\"auto\" style=\"vertical-align: inherit\">Estrategias probadas<\/font><\/font><\/font><\/font><\/h3><\/div><p class=\"uagb-ifb-desc\"><font dir=\"auto\" style=\"vertical-align: inherit\"><font dir=\"auto\" style=\"vertical-align: inherit\">Nuestras estrategias han impulsado a negocios locales los cu<\/font><\/font>ales han podido traspasar barreras limitantes gracias nuestros servicios.<\/p><\/div><\/div>\n<\/div>\n\n\n\n<div class=\"wp-block-column is-layout-flow wp-block-column-is-layout-flow\">\n<div class=\"wp-block-uagb-info-box uagb-block-402ee01c uagb-infobox__content-wrap  uagb-infobox-icon-above-title uagb-infobox-image-valign-top\"><div class=\"uagb-ifb-content\"><div class=\"uagb-ifb-icon-wrap\"><svg xmlns=\"https:\/\/www.w3.org\/2000\/svg\" viewBox=\"0 0 512 512\"><path d=\"M191.1 224c0-17.72-14.34-32.04-32-32.04L144 192c-35.34 0-64 28.66-64 64.08v47.79C80 339.3 108.7 368 144 368H160c17.66 0 32-14.36 32-32.06L191.1 224zM256 0C112.9 0 4.583 119.1 .0208 256L0 296C0 309.3 10.75 320 23.1 320S48 309.3 48 296V256c0-114.7 93.34-207.8 208-207.8C370.7 48.2 464 141.3 464 256v144c0 22.09-17.91 40-40 40h-110.7C305 425.7 289.7 416 272 416H241.8c-23.21 0-44.5 15.69-48.87 38.49C187 485.2 210.4 512 239.1 512H272c17.72 0 33.03-9.711 41.34-24H424c48.6 0 88-39.4 88-88V256C507.4 119.1 399.1 0 256 0zM368 368c35.34 0 64-28.7 64-64.13V256.1C432 220.7 403.3 192 368 192l-16 0c-17.66 0-32 14.34-32 32.04L320 335.9C320 353.7 334.3 368 352 368H368z\"><\/path><\/svg><\/div><div class=\"uagb-ifb-title-wrap\"><h3 class=\"uagb-ifb-title\"><font dir=\"auto\" style=\"vertical-align: inherit\"><font dir=\"auto\" style=\"vertical-align: inherit\"><font dir=\"auto\" style=\"vertical-align: inherit\"><font dir=\"auto\" style=\"vertical-align: inherit\">Soporte personalizado<\/font><\/font><\/font><\/font><\/h3><\/div><p class=\"uagb-ifb-desc\"><font dir=\"auto\" style=\"vertical-align: inherit\"><font dir=\"auto\" style=\"vertical-align: inherit\">Nosotros en CIMEX, analizamos las necesidades de nuestros clientes, por lo que podemos tomar acci\u00f3n de forma personalizada<\/font><\/font>.<\/p><\/div><\/div>\n<\/div>\n<\/div>\n\n\n\n<figure class=\"wp-block-image size-full has-custom-border\"><img loading=\"lazy\" decoding=\"async\" width=\"1920\" height=\"1080\" src=\"https:\/\/consultoriacimex.com\/wp-content\/uploads\/2025\/11\/Consultoria-CIMEX-4.png\" alt=\"Consultoria CIMEX 4\" class=\"wp-image-1499\" style=\"border-radius:31px\" title=\"Nosotros\" srcset=\"https:\/\/consultoriacimex.com\/wp-content\/uploads\/2025\/11\/Consultoria-CIMEX-4.png 1920w, https:\/\/consultoriacimex.com\/wp-content\/uploads\/2025\/11\/Consultoria-CIMEX-4-300x169.png 300w\" sizes=\"auto, (max-width: 1920px) 100vw, 1920px\" \/><\/figure>\n<\/div><\/div>\n\n\n\n<div class=\"wp-block-uagb-container uagb-block-07bff730 alignfull uagb-is-root-container\"><div class=\"uagb-container-inner-blocks-wrap\">\n<p class=\"has-ast-global-color-5-color has-text-color has-link-color has-medium-font-size wp-elements-9f74c68302d8f7d08ea04e3afdefe6fd\">Nuestra Misi\u00f3n<\/p>\n\n\n\n<div class=\"wp-block-uagb-info-box uagb-block-e83473b0 uagb-infobox__content-wrap  uagb-infobox-icon-above-title uagb-infobox-image-valign-top\"><div class=\"uagb-ifb-content\"><div class=\"uagb-ifb-separator\"><\/div><div class=\"uagb-ifb-title-wrap\"><h5 class=\"uagb-ifb-title-prefix\"><br>Proporcionar soluciones integrales y personalizadas que permitan a nuestros clientes optimizar sus recursos, alcanzar un desempe\u00f1o eficiente en sus procesos y garantizar la calidad de los productos y servicios que ofrecen. Nos enfocamos en implementar herramientas pr\u00e1cticas que promuevan la seguridad, sostenibilidad y mejora continua dentro de sus organizaciones, contribuyendo al \u00e9xito de sus operaciones y su impacto positivo en el mercado.<\/h5><h4 class=\"uagb-ifb-title\">CIMEX<\/h4><\/div><\/div><\/div>\n<\/div><\/div>\n\n\n\n<div class=\"wp-block-uagb-container uagb-block-d509e43f alignfull uagb-is-root-container\"><div class=\"uagb-container-inner-blocks-wrap\">\n<div class=\"wp-block-uagb-info-box uagb-block-7a81a27e uagb-infobox__content-wrap  uagb-infobox-icon-above-title uagb-infobox-image-valign-top\"><div class=\"uagb-ifb-content\"><div class=\"uagb-ifb-title-wrap\"><h6 class=\"uagb-ifb-title-prefix\"><font dir=\"auto\" style=\"vertical-align: inherit\"><font dir=\"auto\" style=\"vertical-align: inherit\"><font dir=\"auto\" style=\"vertical-align: inherit\"><font dir=\"auto\" style=\"vertical-align: inherit\">Nuestra Visi\u00f3n<\/font><\/font><\/font><\/font><\/h6><h5 class=\"uagb-ifb-title\"><font dir=\"auto\" style=\"vertical-align: inherit\"><font dir=\"auto\" style=\"vertical-align: inherit\"><font dir=\"auto\" style=\"vertical-align: inherit\"><font dir=\"auto\" style=\"vertical-align: inherit\"><br>Ser un referente en mejora empresarial, reconocido por transformar est\u00e1ndares de calidad en pr\u00e1cticas operativas sostenibles y h\u00e1bitos de excelencia nacional. Aspiramos a ayudar a nuestros clientes a operar de manera m\u00e1s segura, eficiente y sostenible, fortaleciendo su competitividad en un entorno din\u00e1mico y globalizado.<\/font><\/font><\/font><\/font><\/h5><\/div><\/div><\/div>\n\n\n\n<div class=\"wp-block-uagb-separator uagb-block-2d73f7b2\"><div class=\"wp-block-uagb-separator__inner\" style=\"--my-background-image:\"><\/div><\/div>\n\n\n\n<div class=\"wp-block-uagb-container uagb-block-0de268a6\">\n<div class=\"wp-block-uagb-info-box uagb-block-3a8a998c uagb-infobox__content-wrap  uagb-infobox-icon-above-title uagb-infobox-image-valign-top\"><div class=\"uagb-ifb-content\"><div class=\"uagb-ifb-title-wrap\"><h4 class=\"uagb-ifb-title\"><font dir=\"auto\" style=\"vertical-align: inherit\"><font dir=\"auto\" style=\"vertical-align: inherit\"><font dir=\"auto\" style=\"vertical-align: inherit\"><font dir=\"auto\" style=\"vertical-align: inherit\">Consultor\u00eda y capacitaci\u00f3n integral de M\u00e9<\/font><\/font><\/font><\/font>xico<\/h4><\/div><p class=\"uagb-ifb-desc\"><br>Ofrecemos soluciones efectivas para empresas, organizaciones gubernamentales e instituciones educativas que buscan optimizar sus recursos y mejorar su desempe\u00f1o. A trav\u00e9s de consultor\u00edas, auditor\u00edas, capacitaciones integrales y acompa\u00f1amiento en certificaciones bajo los est\u00e1ndares de las Normas ISO, impulsamos la implementaci\u00f3n de Sistemas de Gesti\u00f3n de Calidad que fortalecen la operatividad administrativa, contable, mercadol\u00f3gica y productiva. Tambi\u00e9n atendemos \u00e1reas clave como cadenas de suministro, ordenamiento en Protecci\u00f3n Civil, Seguridad e Higiene, garantizando resultados tangibles que promueven la sostenibilidad y el \u00e9xito organizacional.<\/p><\/div><\/div>\n<\/div>\n\n\n\n<div class=\"wp-block-uagb-container uagb-block-eec3e8d3\"><\/div>\n<\/div><\/div>\n\n\n\n<div class=\"wp-block-uagb-container uagb-block-71e3763c alignfull uagb-is-root-container\"><div class=\"uagb-container-inner-blocks-wrap\">\n<div class=\"wp-block-uagb-container uagb-block-3213ed01\">\n<div class=\"wp-block-uagb-info-box uagb-block-73536f7a uagb-infobox__content-wrap  uagb-infobox-icon-above-title uagb-infobox-image-valign-top\"><div class=\"uagb-ifb-content\"><div class=\"uagb-ifb-title-wrap\"><h2 class=\"uagb-ifb-title-prefix\">\u00bf<font dir=\"auto\" style=\"vertical-align: inherit\"><font dir=\"auto\" style=\"vertical-align: inherit\"><font dir=\"auto\" style=\"vertical-align: inherit\"><font dir=\"auto\" style=\"vertical-align: inherit\">Est\u00e1 listo para trabajar con nosotros<\/font><\/font><\/font><\/font>? \u00a1Cont\u00e1ctenos!<\/h2><div class=\"uagb-ifb-separator\"><\/div><h6 class=\"uagb-ifb-title\"><font dir=\"auto\" style=\"vertical-align: inherit\"><font dir=\"auto\" style=\"vertical-align: inherit\"><font dir=\"auto\" style=\"vertical-align: inherit\"><font dir=\"auto\" style=\"vertical-align: inherit\">No espere m\u00e1s para liberar su potencial comercial: comience hoy y perm\u00edtanos guiarlo hacia el \u00e9xito.<\/font><\/font><\/font><\/font><\/h6><\/div><\/div><\/div>\n\n\n\n<div class=\"wp-block-uagb-buttons uagb-buttons__outer-wrap uagb-btn__default-btn uagb-btn-tablet__default-btn uagb-btn-mobile__default-btn uagb-block-cc76ba55\"><div class=\"uagb-buttons__wrap uagb-buttons-layout-wrap \">\n<div class=\"wp-block-uagb-buttons-child uagb-buttons__outer-wrap uagb-block-2009a242 wp-block-button\"><div class=\"uagb-button__wrapper\"><a class=\"uagb-buttons-repeater wp-block-button__link\" aria-label=\"\" href=\"https:\/\/consultoriacimex.com\/contact\/\" rel=\"follow noopener\" target=\"_self\" role=\"button\"><div class=\"uagb-button__link\">Cotizar<\/div><span class=\"uagb-button__icon uagb-button__icon-position-after\"><svg xmlns=\"https:\/\/www.w3.org\/2000\/svg\" viewBox=\"0 0 256 512\"><path d=\"M64 448c-8.188 0-16.38-3.125-22.62-9.375c-12.5-12.5-12.5-32.75 0-45.25L178.8 256L41.38 118.6c-12.5-12.5-12.5-32.75 0-45.25s32.75-12.5 45.25 0l160 160c12.5 12.5 12.5 32.75 0 45.25l-160 160C80.38 444.9 72.19 448 64 448z\"><\/path><\/svg><\/span><\/a><\/div><\/div>\n<\/div><\/div>\n<\/div>\n\n\n\n<div class=\"wp-block-uagb-container uagb-block-538a47c5\"><\/div>\n<\/div><\/div>\n","protected":false},"excerpt":{"rendered":"<p>Nuestra Misi\u00f3n<\/p>\n","protected":false},"author":1,"featured_media":0,"parent":0,"menu_order":0,"comment_status":"closed","ping_status":"closed","template":"","meta":{"_surecart_dashboard_logo_width":"180px","_surecart_dashboard_show_logo":true,"_surecart_dashboard_navigation_orders":true,"_surecart_dashboard_navigation_invoices":true,"_surecart_dashboard_navigation_subscriptions":true,"_surecart_dashboard_navigation_downloads":true,"_surecart_dashboard_navigation_billing":true,"_surecart_dashboard_navigation_account":true,"_uag_custom_page_level_css":"","site-sidebar-layout":"default","site-content-layout":"","ast-site-content-layout":"default","site-content-style":"default","site-sidebar-style":"default","ast-global-header-display":"","ast-banner-title-visibility":"","ast-main-header-display":"","ast-hfb-above-header-display":"","ast-hfb-below-header-display":"","ast-hfb-mobile-header-display":"","site-post-title":"disabled","ast-breadcrumbs-content":"","ast-featured-img":"","footer-sml-layout":"","ast-disable-related-posts":"","theme-transparent-header-meta":"enabled","adv-header-id-meta":"","stick-header-meta":"","header-above-stick-meta":"","header-main-stick-meta":"","header-below-stick-meta":"","astra-migrate-meta-layouts":"default","ast-page-background-enabled":"default","ast-page-background-meta":{"desktop":{"background-color":"var(--ast-global-color-4)","background-image":"","background-repeat":"repeat","background-position":"center center","background-size":"auto","background-attachment":"scroll","background-type":"","background-media":"","overlay-type":"","overlay-color":"","overlay-opacity":"","overlay-gradient":""},"tablet":{"background-color":"","background-image":"","background-repeat":"repeat","background-position":"center center","background-size":"auto","background-attachment":"scroll","background-type":"","background-media":"","overlay-type":"","overlay-color":"","overlay-opacity":"","overlay-gradient":""},"mobile":{"background-color":"","background-image":"","background-repeat":"repeat","background-position":"center center","background-size":"auto","background-attachment":"scroll","background-type":"","background-media":"","overlay-type":"","overlay-color":"","overlay-opacity":"","overlay-gradient":""}},"ast-content-background-meta":{"desktop":{"background-color":"var(--ast-global-color-5)","background-image":"","background-repeat":"repeat","background-position":"center center","background-size":"auto","background-attachment":"scroll","background-type":"","background-media":"","overlay-type":"","overlay-color":"","overlay-opacity":"","overlay-gradient":""},"tablet":{"background-color":"var(--ast-global-color-5)","background-image":"","background-repeat":"repeat","background-position":"center center","background-size":"auto","background-attachment":"scroll","background-type":"","background-media":"","overlay-type":"","overlay-color":"","overlay-opacity":"","overlay-gradient":""},"mobile":{"background-color":"var(--ast-global-color-5)","background-image":"","background-repeat":"repeat","background-position":"center center","background-size":"auto","background-attachment":"scroll","background-type":"","background-media":"","overlay-type":"","overlay-color":"","overlay-opacity":"","overlay-gradient":""}},"footnotes":""},"class_list":["post-8","page","type-page","status-publish","hentry"],"aioseo_notices":[],"_hostinger_reach_plugin_has_subscription_block":false,"_hostinger_reach_plugin_is_elementor":false,"uagb_featured_image_src":{"full":false,"thumbnail":false,"medium":false,"medium_large":false,"large":false,"1536x1536":false,"2048x2048":false},"uagb_author_info":{"display_name":"cimex.capacitacion@gmail.com","author_link":"https:\/\/consultoriacimex.com\/homepage\/author\/cimex-capacitaciongmail-com\/"},"uagb_comment_info":0,"uagb_excerpt":"Nuestra Misi\u00f3n","_links":{"self":[{"href":"https:\/\/consultoriacimex.com\/homepage\/wp-json\/wp\/v2\/pages\/8","targetHints":{"allow":["GET"]}}],"collection":[{"href":"https:\/\/consultoriacimex.com\/homepage\/wp-json\/wp\/v2\/pages"}],"about":[{"href":"https:\/\/consultoriacimex.com\/homepage\/wp-json\/wp\/v2\/types\/page"}],"author":[{"embeddable":true,"href":"https:\/\/consultoriacimex.com\/homepage\/wp-json\/wp\/v2\/users\/1"}],"replies":[{"embeddable":true,"href":"https:\/\/consultoriacimex.com\/homepage\/wp-json\/wp\/v2\/comments?post=8"}],"version-history":[{"count":36,"href":"https:\/\/consultoriacimex.com\/homepage\/wp-json\/wp\/v2\/pages\/8\/revisions"}],"predecessor-version":[{"id":6440,"href":"https:\/\/consultoriacimex.com\/homepage\/wp-json\/wp\/v2\/pages\/8\/revisions\/6440"}],"wp:attachment":[{"href":"https:\/\/consultoriacimex.com\/homepage\/wp-json\/wp\/v2\/media?parent=8"}],"curies":[{"name":"wp","href":"https:\/\/api.w.org\/{rel}","templated":true}]}}