{"id":1141,"date":"2025-11-04T21:28:06","date_gmt":"2025-11-04T21:28:06","guid":{"rendered":"https:\/\/consultoriacimex.com\/?page_id=1141"},"modified":"2026-02-11T06:54:10","modified_gmt":"2026-02-11T06:54:10","slug":"iso-45001-2015","status":"publish","type":"page","link":"https:\/\/consultoriacimex.com\/homepage\/iso-45001-2015\/","title":{"rendered":"ISO 45001-2015"},"content":{"rendered":"\n<div class=\"wp-block-uagb-container uagb-block-cdd746b0 alignfull uagb-is-root-container\"><div class=\"uagb-container-inner-blocks-wrap\">\n<p><\/p>\n\n\n\n<p><\/p>\n\n\n\n<div class=\"wp-block-uagb-advanced-heading uagb-block-eb1dfd79\"><h2 class=\"uagb-heading-text\">\u00bfQu\u00e9 es la ISO 45001-2015?<\/h2><\/div>\n\n\n\n<div class=\"wp-block-uagb-advanced-heading uagb-block-5b3195be\"><h3 class=\"uagb-heading-text\">Sistema de Gesti\u00f3n de Seguridad y Salud en el Trabajo<\/h3><\/div>\n\n\n\n<div class=\"wp-block-uagb-info-box uagb-block-3ba2b6c6 uagb-infobox__content-wrap  uagb-infobox-icon-above-title uagb-infobox-image-valign-top\"><div class=\"uagb-ifb-content\"><div class=\"uagb-ifb-title-wrap\"><\/div><p class=\"uagb-ifb-desc\">Un Sistema de Gesti\u00f3n de la Seguridad y la Salud en el Trabajo robusto y eficiente le aporta un enfoque m\u00e1s hol\u00edstico en la gesti\u00f3n de sus riesgos de seguridad y salud y le permite una mayor previsi\u00f3n tanto de sus trabajadores como de su empresa.<\/p><\/div><\/div>\n<\/div><\/div>\n\n\n\n<p><\/p>\n\n\n\n<div data-aos= \"fade-down\" data-aos-duration=\"400\" data-aos-delay=\"0\" data-aos-easing=\"ease\" data-aos-once=\"true\" class=\"wp-block-uagb-advanced-heading uagb-block-c0bb8ec4\"><h3 class=\"uagb-heading-text\">Beneficios de implementar y certificar ISO 45001<\/h3><\/div>\n\n\n\n<p><\/p>\n\n\n\n<p class=\"has-ast-global-color-4-background-color has-background\" style=\"border-radius:30px\"><strong>Protecci\u00f3n de los trabajadores<\/strong>: Un enfoque estructurado para la identificaci\u00f3n de peligros y la gesti\u00f3n de riesgos contribuye a mantener un ambiente de trabajo m\u00e1s saludable y seguro, as\u00ed como a reducir el n\u00famero de accidentes y los problemas de salud producidos en el lugar de trabajo. Este enfoque deber\u00eda ayudar a reducir las lesiones y las bajas por enfermedad de los empleados.<sup><\/sup><\/p>\n\n\n\n<p class=\"has-ast-global-color-4-background-color has-background\" style=\"border-radius:30px\"><strong>Reducci\u00f3n de los riesgos<\/strong>: El enfoque global ayuda a traducir los resultados de riesgo en planes de acci\u00f3n a<sup><\/sup>decuados para la evaluaci\u00f3n, verificaci\u00f3n, inspecci\u00f3n, revisi\u00f3n legal e investigaci\u00f3n de accidentes, con el objetivo de reducir los riesgos, proteger a los trabajadores y controlar las amenazas en infraestructura que causan accid<sup><\/sup>entes.<sup><\/sup><\/p>\n\n\n\n<p class=\"has-ast-global-color-4-background-color has-background\" style=\"border-radius:30px\"><strong>Cumplimiento legal<\/strong>: Proporciona un mecanismo para la identificaci\u00f3n de la legislaci\u00f3n vigente y la implementaci\u00f3n de los requisi<sup><\/sup>tos aplicables. Mantenerse conforme a la ley puede ayudar a reducir las quejas, pagar primas de seguro m\u00e1s bajas, evitar consecuencias financieras, y paliar el estigma de la publicidad negativa.<sup><\/sup><\/p>\n\n\n\n<p class=\"has-ast-global-color-4-background-color has-background\" style=\"border-radius:30px\"><strong>Base del Sistema de Gesti\u00f3n<\/strong>: Gracias a la estructura b\u00e1sica del Anexo S.L, la norma se alinear\u00e1 con otras no<sup><\/sup>rmas ISO de Sistemas de Gesti\u00f3n. Por ejemplo, las normas ISO 9001-2015 e ISO 14001-2015 ya han sido revisadas e incluyen dicha estructura com<sup><\/sup>\u00fan.<\/p>\n\n\n\n<p class=\"has-ast-global-color-4-background-color has-background\" style=\"border-radius:30px\"><strong>Responsabilidad<\/strong>: La certificaci\u00f3n es una manera de demostrar a sus partes interesadas su responsabilidad y compromiso en materia de Seguridad y Salud en el trabajo.<\/p>\n\n\n\n<div class=\"wp-block-columns is-layout-flex wp-container-core-columns-is-layout-28f84493 wp-block-columns-is-layout-flex\">\n<div class=\"wp-block-column is-layout-flow wp-block-column-is-layout-flow\">\n<div data-aos= \"fade-down\" data-aos-duration=\"400\" data-aos-delay=\"0\" data-aos-easing=\"ease\" data-aos-once=\"true\" class=\"wp-block-uagb-info-box uagb-block-208864b7 uagb-infobox__content-wrap  uagb-infobox-icon-above-title uagb-infobox-image-valign-top\"><div class=\"uagb-ifb-content\"><div class=\"uagb-ifb-icon-wrap\"><svg xmlns=\"https:\/\/www.w3.org\/2000\/svg\" viewBox=\"0 0 512 512\"><path d=\"M0 256C0 114.6 114.6 0 256 0C397.4 0 512 114.6 512 256C512 397.4 397.4 512 256 512C114.6 512 0 397.4 0 256zM371.8 211.8C382.7 200.9 382.7 183.1 371.8 172.2C360.9 161.3 343.1 161.3 332.2 172.2L224 280.4L179.8 236.2C168.9 225.3 151.1 225.3 140.2 236.2C129.3 247.1 129.3 264.9 140.2 275.8L204.2 339.8C215.1 350.7 232.9 350.7 243.8 339.8L371.8 211.8z\"><\/path><\/svg><\/div><div class=\"uagb-ifb-title-wrap\"><h3 class=\"uagb-ifb-title\">Capacitaci\u00f3n ISO 45001<\/h3><\/div><p class=\"uagb-ifb-desc\">Contamos con un amplio cat\u00e1logo de cursos presenciales o v\u00eda remota para capacitar y actualizar a coordinadores del Sistema de Gesti\u00f3n de Seguridad y Salud en el Trabajo y auditores internos de su empresa.<\/p><\/div><\/div>\n<\/div>\n\n\n\n<div class=\"wp-block-column is-layout-flow wp-block-column-is-layout-flow\">\n<div data-aos= \"fade-down\" data-aos-duration=\"400\" data-aos-delay=\"0\" data-aos-easing=\"ease\" data-aos-once=\"true\" class=\"wp-block-uagb-info-box uagb-block-b03e0f96 uagb-infobox__content-wrap  uagb-infobox-icon-above-title uagb-infobox-image-valign-top\"><div class=\"uagb-ifb-content\"><div class=\"uagb-ifb-icon-wrap\"><svg xmlns=\"https:\/\/www.w3.org\/2000\/svg\" viewBox=\"0 0 512 512\"><path d=\"M0 256C0 114.6 114.6 0 256 0C397.4 0 512 114.6 512 256C512 397.4 397.4 512 256 512C114.6 512 0 397.4 0 256zM371.8 211.8C382.7 200.9 382.7 183.1 371.8 172.2C360.9 161.3 343.1 161.3 332.2 172.2L224 280.4L179.8 236.2C168.9 225.3 151.1 225.3 140.2 236.2C129.3 247.1 129.3 264.9 140.2 275.8L204.2 339.8C215.1 350.7 232.9 350.7 243.8 339.8L371.8 211.8z\"><\/path><\/svg><\/div><div class=\"uagb-ifb-title-wrap\"><h3 class=\"uagb-ifb-title\">Auditorias ISO 45001<\/h3><\/div><p class=\"uagb-ifb-desc\">Proceso de evaluaci\u00f3n que verifica si un sistema de gesti\u00f3n de seguridad y salud en el trabajo (SST) cumple con los requisitos de la norma.<\/p><\/div><\/div>\n<\/div>\n<\/div>\n\n\n\n<div data-aos= \"zoom-out\" data-aos-duration=\"400\" data-aos-delay=\"0\" data-aos-easing=\"ease\" data-aos-once=\"true\" class=\"wp-block-uagb-container uagb-block-b80c4f72 alignfull uagb-is-root-container\"><div class=\"uagb-container-inner-blocks-wrap\">\n<div class=\"wp-block-columns is-layout-flex wp-container-core-columns-is-layout-28f84493 wp-block-columns-is-layout-flex\">\n<div class=\"wp-block-column is-layout-flow wp-block-column-is-layout-flow\" style=\"flex-basis:33.33%\">\n<div class=\"wp-block-uagb-container uagb-block-6411556e\"><\/div>\n<\/div>\n\n\n\n<div class=\"wp-block-column is-layout-flow wp-block-column-is-layout-flow\" style=\"flex-basis:66.66%\">\n<div class=\"wp-block-uagb-info-box uagb-block-f492ff7b uagb-infobox__content-wrap  uagb-infobox-icon-above-title uagb-infobox-image-valign-top\"><div class=\"uagb-ifb-content\"><div class=\"uagb-ifb-title-wrap\"><h3 class=\"uagb-ifb-title\">Coordinaci\u00f3n y Mejora del Sistema de Gesti\u00f3n de Seguridad y Salud en el Trabajo<br><\/h3><\/div><p class=\"uagb-ifb-desc\">Si su organizaci\u00f3n obtuvo la\u00a0certificaci\u00f3n ISO 45001\u00a0y actualmente NO aplica correctamente el\u00a0Sistema de Gesti\u00f3n de Seguridad y Salud en el Trabajo, nos aseguramos de mantener el nivel de cumplimiento requerido para asegurar que las auditor\u00edas de vigilancia se atiendan sin ning\u00fan problema.<\/p><\/div><\/div>\n<\/div>\n<\/div>\n<\/div><\/div>\n\n\n\n<div class=\"wp-block-columns has-ast-global-color-8-background-color has-background has-small-font-size is-layout-flex wp-container-core-columns-is-layout-28f84493 wp-block-columns-is-layout-flex\" style=\"border-radius:40px\">\n<div class=\"wp-block-column is-layout-flow wp-block-column-is-layout-flow\" style=\"flex-basis:66.66%\">\n<div class=\"wp-block-uagb-container uagb-block-2b856555 alignfull uagb-is-root-container\"><div class=\"uagb-container-inner-blocks-wrap\">\n<div class=\"wp-block-uagb-info-box uagb-block-19c39ba3 uagb-infobox__content-wrap  uagb-infobox-icon-above-title uagb-infobox-image-valign-top\"><div class=\"uagb-ifb-content\"><div class=\"uagb-ifb-title-wrap\"><h3 class=\"uagb-ifb-title\"><br><br>\u00bfQuiere certificarse?<\/h3><\/div><p class=\"uagb-ifb-desc\">\u00a1Contacte con nosotros!<\/p><\/div><\/div>\n<\/div><\/div>\n\n\n\n<div class=\"wp-block-uagb-buttons uagb-buttons__outer-wrap uagb-btn__default-btn uagb-btn-tablet__default-btn uagb-btn-mobile__default-btn uagb-block-3dd906dd\"><div class=\"uagb-buttons__wrap uagb-buttons-layout-wrap \">\n<div class=\"wp-block-uagb-buttons-child uagb-buttons__outer-wrap uagb-block-9102de16 wp-block-button\"><div class=\"uagb-button__wrapper\"><a class=\"uagb-buttons-repeater wp-block-button__link\" aria-label=\"\" href=\"https:\/\/consultoriacimex.com\/contact\/\" rel=\"follow noopener\" target=\"_self\" role=\"button\"><div class=\"uagb-button__link\">Cotizar certificaci\u00f3n<\/div><\/a><\/div><\/div>\n<\/div><\/div>\n<\/div>\n\n\n\n<div class=\"wp-block-column is-layout-flow wp-block-column-is-layout-flow\" style=\"flex-basis:33.33%\">\n<div class=\"wp-block-uagb-image uagb-block-0c76b6f4 wp-block-uagb-image--layout-default wp-block-uagb-image--effect-static wp-block-uagb-image--align-none\"><figure class=\"wp-block-uagb-image__figure\"><img decoding=\"async\" srcset=\"https:\/\/consultoriacimex.com\/wp-content\/uploads\/2025\/11\/increible-senorita-feliz-en-camisa-amarilla-mostrando-gesto-de-llamada-1024x683.jpg ,https:\/\/consultoriacimex.com\/wp-content\/uploads\/2025\/11\/increible-senorita-feliz-en-camisa-amarilla-mostrando-gesto-de-llamada-scaled.jpg 780w, https:\/\/consultoriacimex.com\/wp-content\/uploads\/2025\/11\/increible-senorita-feliz-en-camisa-amarilla-mostrando-gesto-de-llamada-scaled.jpg 360w\" sizes=\"auto, (max-width: 480px) 150px\" src=\"https:\/\/consultoriacimex.com\/wp-content\/uploads\/2025\/11\/increible-senorita-feliz-en-camisa-amarilla-mostrando-gesto-de-llamada-1024x683.jpg\" alt=\"Increible Senorita Feliz En Camisa Amarilla Mostrando Gesto De Llamada 1024x683\" class=\"uag-image-1206\" width=\"596\" height=\"400\" title=\"ISO 45001-2015\" loading=\"lazy\" role=\"presentation\"><\/figure><\/div>\n<\/div>\n<\/div>\n\n\n\n<p><\/p>\n\n\n\n<div class=\"wp-block-uagb-container uagb-block-a72ca0a2 alignfull uagb-is-root-container\"><div class=\"uagb-container-inner-blocks-wrap\"><\/div><\/div>\n\n\n\n<p><\/p>\n","protected":false},"excerpt":{"rendered":"<p>\u00bfQu\u00e9 es la ISO 45001-2015? Sistema de Gesti\u00f3n de Seguridad y Salud en el Trabajo Beneficios de implementar y certificar [&hellip;]<\/p>\n","protected":false},"author":1,"featured_media":0,"parent":0,"menu_order":0,"comment_status":"closed","ping_status":"closed","template":"","meta":{"_surecart_dashboard_logo_width":"180px","_surecart_dashboard_show_logo":true,"_surecart_dashboard_navigation_orders":true,"_surecart_dashboard_navigation_invoices":true,"_surecart_dashboard_navigation_subscriptions":true,"_surecart_dashboard_navigation_downloads":true,"_surecart_dashboard_navigation_billing":true,"_surecart_dashboard_navigation_account":true,"_uag_custom_page_level_css":"","site-sidebar-layout":"default","site-content-layout":"","ast-site-content-layout":"default","site-content-style":"default","site-sidebar-style":"default","ast-global-header-display":"","ast-banner-title-visibility":"","ast-main-header-display":"","ast-hfb-above-header-display":"","ast-hfb-below-header-display":"","ast-hfb-mobile-header-display":"","site-post-title":"disabled","ast-breadcrumbs-content":"","ast-featured-img":"","footer-sml-layout":"","ast-disable-related-posts":"","theme-transparent-header-meta":"","adv-header-id-meta":"","stick-header-meta":"","header-above-stick-meta":"","header-main-stick-meta":"","header-below-stick-meta":"","astra-migrate-meta-layouts":"default","ast-page-background-enabled":"default","ast-page-background-meta":{"desktop":{"background-color":"var(--ast-global-color-4)","background-image":"","background-repeat":"repeat","background-position":"center center","background-size":"auto","background-attachment":"scroll","background-type":"","background-media":"","overlay-type":"","overlay-color":"","overlay-opacity":"","overlay-gradient":""},"tablet":{"background-color":"","background-image":"","background-repeat":"repeat","background-position":"center center","background-size":"auto","background-attachment":"scroll","background-type":"","background-media":"","overlay-type":"","overlay-color":"","overlay-opacity":"","overlay-gradient":""},"mobile":{"background-color":"","background-image":"","background-repeat":"repeat","background-position":"center center","background-size":"auto","background-attachment":"scroll","background-type":"","background-media":"","overlay-type":"","overlay-color":"","overlay-opacity":"","overlay-gradient":""}},"ast-content-background-meta":{"desktop":{"background-color":"var(--ast-global-color-5)","background-image":"","background-repeat":"repeat","background-position":"center center","background-size":"auto","background-attachment":"scroll","background-type":"","background-media":"","overlay-type":"","overlay-color":"","overlay-opacity":"","overlay-gradient":""},"tablet":{"background-color":"var(--ast-global-color-5)","background-image":"","background-repeat":"repeat","background-position":"center center","background-size":"auto","background-attachment":"scroll","background-type":"","background-media":"","overlay-type":"","overlay-color":"","overlay-opacity":"","overlay-gradient":""},"mobile":{"background-color":"var(--ast-global-color-5)","background-image":"","background-repeat":"repeat","background-position":"center center","background-size":"auto","background-attachment":"scroll","background-type":"","background-media":"","overlay-type":"","overlay-color":"","overlay-opacity":"","overlay-gradient":""}},"footnotes":""},"class_list":["post-1141","page","type-page","status-publish","hentry"],"aioseo_notices":[],"_hostinger_reach_plugin_has_subscription_block":false,"_hostinger_reach_plugin_is_elementor":false,"uagb_featured_image_src":{"full":false,"thumbnail":false,"medium":false,"medium_large":false,"large":false,"1536x1536":false,"2048x2048":false},"uagb_author_info":{"display_name":"cimex.capacitacion@gmail.com","author_link":"https:\/\/consultoriacimex.com\/homepage\/author\/cimex-capacitaciongmail-com\/"},"uagb_comment_info":0,"uagb_excerpt":"\u00bfQu\u00e9 es la ISO 45001-2015? Sistema de Gesti\u00f3n de Seguridad y Salud en el Trabajo Beneficios de implementar y certificar [&hellip;]","_links":{"self":[{"href":"https:\/\/consultoriacimex.com\/homepage\/wp-json\/wp\/v2\/pages\/1141","targetHints":{"allow":["GET"]}}],"collection":[{"href":"https:\/\/consultoriacimex.com\/homepage\/wp-json\/wp\/v2\/pages"}],"about":[{"href":"https:\/\/consultoriacimex.com\/homepage\/wp-json\/wp\/v2\/types\/page"}],"author":[{"embeddable":true,"href":"https:\/\/consultoriacimex.com\/homepage\/wp-json\/wp\/v2\/users\/1"}],"replies":[{"embeddable":true,"href":"https:\/\/consultoriacimex.com\/homepage\/wp-json\/wp\/v2\/comments?post=1141"}],"version-history":[{"count":24,"href":"https:\/\/consultoriacimex.com\/homepage\/wp-json\/wp\/v2\/pages\/1141\/revisions"}],"predecessor-version":[{"id":1758,"href":"https:\/\/consultoriacimex.com\/homepage\/wp-json\/wp\/v2\/pages\/1141\/revisions\/1758"}],"wp:attachment":[{"href":"https:\/\/consultoriacimex.com\/homepage\/wp-json\/wp\/v2\/media?parent=1141"}],"curies":[{"name":"wp","href":"https:\/\/api.w.org\/{rel}","templated":true}]}}