{"id":1138,"date":"2025-11-04T21:27:14","date_gmt":"2025-11-04T21:27:14","guid":{"rendered":"https:\/\/consultoriacimex.com\/?page_id=1138"},"modified":"2026-02-09T20:55:20","modified_gmt":"2026-02-09T20:55:20","slug":"iso-14001-2015","status":"publish","type":"page","link":"https:\/\/consultoriacimex.com\/homepage\/iso-14001-2015\/","title":{"rendered":"ISO 14001-2015"},"content":{"rendered":"\n<div class=\"wp-block-uagb-container uagb-block-cdd746b0 alignfull uagb-is-root-container\"><div class=\"uagb-container-inner-blocks-wrap\">\n<p><\/p>\n\n\n\n<div class=\"wp-block-uagb-advanced-heading uagb-block-eb1dfd79\"><h2 class=\"uagb-heading-text\">\u00bfQu\u00e9 es la ISO 14001-2015?<\/h2><\/div>\n\n\n\n<div class=\"wp-block-uagb-advanced-heading uagb-block-fe729a0a\"><h3 class=\"uagb-heading-text\"> Sistemas de Gesti\u00f3n Ambiental<\/h3><\/div>\n\n\n\n<div class=\"wp-block-uagb-info-box uagb-block-3ba2b6c6 uagb-infobox__content-wrap  uagb-infobox-icon-above-title uagb-infobox-image-valign-top\"><div class=\"uagb-ifb-content\"><div class=\"uagb-ifb-title-wrap\"><\/div><p class=\"uagb-ifb-desc\">Hoy en d\u00eda las exigencias ambientales internacionales y la normativa nacional, cada vez m\u00e1s exigente, fuerzan el control de la contaminaci\u00f3n y el aporte empresarial al desarrollo sustentable. La experiencia internacional ha demostrado que la gesti\u00f3n medioambiental puede, incluso, transformarse en una oportunidad de significativos ahorros en costos, si el problema es abordado en sus inicios desde el punto de vista de la prevenci\u00f3n.<\/p><\/div><\/div>\n<\/div><\/div>\n\n\n\n<div class=\"wp-block-uagb-advanced-heading uagb-block-e5943fcc\"><h3 class=\"uagb-heading-text\">Beneficios de implementar y certificar&nbsp;<strong>ISO 14001<\/strong><\/h3><\/div>\n\n\n\n<p class=\"has-ast-global-color-4-background-color has-background\" style=\"border-radius:30px\">\ud83d\udcd8 <strong>Disponer de un Sistema de Gesti\u00f3n Ambiental<\/strong> desarrollado, documentado e implementado.<br>\ud83c\udf3f <strong>Fomentar la conciencia ambiental:<\/strong> los empleados de la organizaci\u00f3n demuestran un alto nivel de compromiso con el cuidado del medio ambiente.<br>\ud83e\udde9 <strong>Optimizaci\u00f3n administrativa:<\/strong> oportunidad de ordenar, estructurar y simplificar la gesti\u00f3n y cumplimiento de las obligaciones medioambientales.<br>\ud83d\udcb0 <strong>Reducci\u00f3n de costos:<\/strong> la implementaci\u00f3n de un Sistema de Gesti\u00f3n Medioambiental puede mejorar la evaluaci\u00f3n de riesgos y disminuir primas o costos de seguros.<br>\u2696\ufe0f <strong>Cumplimiento normativo:<\/strong> garantiza el cumplimiento de los requisitos ambientales legales, promoviendo un clima de armon\u00eda y confianza entre la empresa y las entidades reguladoras.<br>\ud83d\udea8 <strong>Planes de contingencia:<\/strong> se implementan medidas preventivas y de respuesta ante situaciones no deseadas que puedan afectar el medio ambiente.<\/p>\n\n\n\n<div class=\"wp-block-columns is-layout-flex wp-container-core-columns-is-layout-28f84493 wp-block-columns-is-layout-flex\">\n<div class=\"wp-block-column is-layout-flow wp-block-column-is-layout-flow\">\n<div data-aos= \"fade-down\" data-aos-duration=\"400\" data-aos-delay=\"0\" data-aos-easing=\"ease\" data-aos-once=\"true\" class=\"wp-block-uagb-info-box uagb-block-208864b7 uagb-infobox__content-wrap  uagb-infobox-icon-above-title uagb-infobox-image-valign-top\"><div class=\"uagb-ifb-content\"><div class=\"uagb-ifb-icon-wrap\"><svg xmlns=\"https:\/\/www.w3.org\/2000\/svg\" viewBox=\"0 0 512 512\"><path d=\"M0 256C0 114.6 114.6 0 256 0C397.4 0 512 114.6 512 256C512 397.4 397.4 512 256 512C114.6 512 0 397.4 0 256zM371.8 211.8C382.7 200.9 382.7 183.1 371.8 172.2C360.9 161.3 343.1 161.3 332.2 172.2L224 280.4L179.8 236.2C168.9 225.3 151.1 225.3 140.2 236.2C129.3 247.1 129.3 264.9 140.2 275.8L204.2 339.8C215.1 350.7 232.9 350.7 243.8 339.8L371.8 211.8z\"><\/path><\/svg><\/div><div class=\"uagb-ifb-title-wrap\"><h3 class=\"uagb-ifb-title\">Capacitaci\u00f3n<\/h3><\/div><p class=\"uagb-ifb-desc\">Contamos con un amplio cat\u00e1logo de cursos presenciales o v\u00eda remota para capacitar y actualizar a coordinadores del Sistema de Gesti\u00f3n de Ambiental y auditores internos de su empresa.<\/p><\/div><\/div>\n<\/div>\n\n\n\n<div class=\"wp-block-column is-layout-flow wp-block-column-is-layout-flow\">\n<div data-aos= \"fade-down\" data-aos-duration=\"400\" data-aos-delay=\"0\" data-aos-easing=\"ease\" data-aos-once=\"true\" class=\"wp-block-uagb-info-box uagb-block-b03e0f96 uagb-infobox__content-wrap  uagb-infobox-icon-above-title uagb-infobox-image-valign-top\"><div class=\"uagb-ifb-content\"><div class=\"uagb-ifb-icon-wrap\"><svg xmlns=\"https:\/\/www.w3.org\/2000\/svg\" viewBox=\"0 0 512 512\"><path d=\"M0 256C0 114.6 114.6 0 256 0C397.4 0 512 114.6 512 256C512 397.4 397.4 512 256 512C114.6 512 0 397.4 0 256zM371.8 211.8C382.7 200.9 382.7 183.1 371.8 172.2C360.9 161.3 343.1 161.3 332.2 172.2L224 280.4L179.8 236.2C168.9 225.3 151.1 225.3 140.2 236.2C129.3 247.1 129.3 264.9 140.2 275.8L204.2 339.8C215.1 350.7 232.9 350.7 243.8 339.8L371.8 211.8z\"><\/path><\/svg><\/div><div class=\"uagb-ifb-title-wrap\"><h3 class=\"uagb-ifb-title\">Auditorias internas<\/h3><\/div><p class=\"uagb-ifb-desc\">Las auditor\u00edas internas son una herramienta importante para evaluar el desempe\u00f1o de su empresa y madurar continuamente su sistema de gesti\u00f3n ambiental<\/p><\/div><\/div>\n<\/div>\n<\/div>\n\n\n\n<div data-aos= \"fade-down\" data-aos-duration=\"400\" data-aos-delay=\"0\" data-aos-easing=\"ease\" data-aos-once=\"true\" class=\"wp-block-uagb-container uagb-block-b80c4f72 alignfull uagb-is-root-container\"><div class=\"uagb-container-inner-blocks-wrap\">\n<div class=\"wp-block-columns is-layout-flex wp-container-core-columns-is-layout-28f84493 wp-block-columns-is-layout-flex\">\n<div class=\"wp-block-column is-layout-flow wp-block-column-is-layout-flow\" style=\"flex-basis:33.33%\">\n<div class=\"wp-block-uagb-container uagb-block-c8c7eae8\"><\/div>\n<\/div>\n\n\n\n<div class=\"wp-block-column is-layout-flow wp-block-column-is-layout-flow\" style=\"flex-basis:66.66%\">\n<div class=\"wp-block-uagb-info-box uagb-block-f492ff7b uagb-infobox__content-wrap  uagb-infobox-icon-above-title uagb-infobox-image-valign-top wp-block-uagb-info-box--has-margin\"><div class=\"uagb-infobox-margin-wrapper\"><div class=\"uagb-ifb-content\"><div class=\"uagb-ifb-title-wrap\"><h3 class=\"uagb-ifb-title\">Coordinaci\u00f3n y Mejora del Sistema de Gesti\u00f3n Ambiental<\/h3><\/div><p class=\"uagb-ifb-desc\">Las empresas certificadas en&nbsp;ISO 14001&nbsp;deben esforzarse para mantener y mejorar su Sistema de Gesti\u00f3n Ambiental a fin de no perder la certificaci\u00f3n.<br>Si su organizaci\u00f3n obtuvo la&nbsp;certificaci\u00f3n ISO 14001&nbsp;y actualmente se encuentra abandonado u olvidado el Sistema de Gesti\u00f3n Ambiental, nos aseguramos de mantener el nivel de cumplimiento requerido para asegurar que las auditor\u00edas de vigilancia se atiendan sin ning\u00fan problema.<\/p><\/div><\/div><\/div>\n<\/div>\n<\/div>\n<\/div><\/div>\n\n\n\n<div class=\"wp-block-columns has-ast-global-color-8-background-color has-background has-small-font-size is-layout-flex wp-container-core-columns-is-layout-28f84493 wp-block-columns-is-layout-flex\" style=\"border-radius:25px\">\n<div class=\"wp-block-column is-layout-flow wp-block-column-is-layout-flow\" style=\"flex-basis:66.66%\">\n<div class=\"wp-block-uagb-container uagb-block-2b856555 alignfull uagb-is-root-container\"><div class=\"uagb-container-inner-blocks-wrap\">\n<div class=\"wp-block-uagb-info-box uagb-block-19c39ba3 uagb-infobox__content-wrap  uagb-infobox-icon-above-title uagb-infobox-image-valign-top\"><div class=\"uagb-ifb-content\"><div class=\"uagb-ifb-title-wrap\"><h3 class=\"uagb-ifb-title\"><br><br>\u00bfSu empresa necesita certificarse?<\/h3><\/div><p class=\"uagb-ifb-desc\">No espere m\u00e1s, \u00a1h\u00e1galo con nosotros!<\/p><\/div><\/div>\n\n\n\n<div class=\"wp-block-uagb-buttons uagb-buttons__outer-wrap uagb-btn__default-btn uagb-btn-tablet__default-btn uagb-btn-mobile__default-btn uagb-block-2a8829c0\"><div class=\"uagb-buttons__wrap uagb-buttons-layout-wrap \">\n<div class=\"wp-block-uagb-buttons-child uagb-buttons__outer-wrap uagb-block-9a874f0f wp-block-button\"><div class=\"uagb-button__wrapper\"><a class=\"uagb-buttons-repeater wp-block-button__link\" aria-label=\"\" href=\"https:\/\/consultoriacimex.com\/contact\/\" rel=\"follow noopener\" target=\"_self\" role=\"button\"><div class=\"uagb-button__link\">Quiero certificarme<\/div><\/a><\/div><\/div>\n<\/div><\/div>\n<\/div><\/div>\n<\/div>\n\n\n\n<div class=\"wp-block-column is-layout-flow wp-block-column-is-layout-flow\" style=\"flex-basis:33.33%\">\n<div class=\"wp-block-uagb-container uagb-block-9eeeb389 alignfull uagb-is-root-container\"><div class=\"uagb-container-inner-blocks-wrap\">\n<div class=\"wp-block-uagb-container uagb-block-164618c8\"><\/div>\n<\/div><\/div>\n<\/div>\n<\/div>\n\n\n\n<div class=\"wp-block-uagb-container uagb-block-c8af2fec alignfull uagb-is-root-container\"><div class=\"uagb-container-inner-blocks-wrap\"><\/div><\/div>\n","protected":false},"excerpt":{"rendered":"<p>\u00bfQu\u00e9 es la ISO 14001-2015? Sistemas de Gesti\u00f3n Ambiental Beneficios de implementar y certificar&nbsp;ISO 14001 \ud83d\udcd8 Disponer de un Sistema [&hellip;]<\/p>\n","protected":false},"author":1,"featured_media":0,"parent":0,"menu_order":0,"comment_status":"closed","ping_status":"closed","template":"","meta":{"_surecart_dashboard_logo_width":"180px","_surecart_dashboard_show_logo":true,"_surecart_dashboard_navigation_orders":true,"_surecart_dashboard_navigation_invoices":true,"_surecart_dashboard_navigation_subscriptions":true,"_surecart_dashboard_navigation_downloads":true,"_surecart_dashboard_navigation_billing":true,"_surecart_dashboard_navigation_account":true,"_uag_custom_page_level_css":"","site-sidebar-layout":"default","site-content-layout":"","ast-site-content-layout":"default","site-content-style":"default","site-sidebar-style":"default","ast-global-header-display":"","ast-banner-title-visibility":"","ast-main-header-display":"","ast-hfb-above-header-display":"","ast-hfb-below-header-display":"","ast-hfb-mobile-header-display":"","site-post-title":"disabled","ast-breadcrumbs-content":"","ast-featured-img":"","footer-sml-layout":"","ast-disable-related-posts":"","theme-transparent-header-meta":"","adv-header-id-meta":"","stick-header-meta":"","header-above-stick-meta":"","header-main-stick-meta":"","header-below-stick-meta":"","astra-migrate-meta-layouts":"default","ast-page-background-enabled":"default","ast-page-background-meta":{"desktop":{"background-color":"var(--ast-global-color-4)","background-image":"","background-repeat":"repeat","background-position":"center center","background-size":"auto","background-attachment":"scroll","background-type":"","background-media":"","overlay-type":"","overlay-color":"","overlay-opacity":"","overlay-gradient":""},"tablet":{"background-color":"","background-image":"","background-repeat":"repeat","background-position":"center center","background-size":"auto","background-attachment":"scroll","background-type":"","background-media":"","overlay-type":"","overlay-color":"","overlay-opacity":"","overlay-gradient":""},"mobile":{"background-color":"","background-image":"","background-repeat":"repeat","background-position":"center center","background-size":"auto","background-attachment":"scroll","background-type":"","background-media":"","overlay-type":"","overlay-color":"","overlay-opacity":"","overlay-gradient":""}},"ast-content-background-meta":{"desktop":{"background-color":"var(--ast-global-color-5)","background-image":"","background-repeat":"repeat","background-position":"center center","background-size":"auto","background-attachment":"scroll","background-type":"","background-media":"","overlay-type":"","overlay-color":"","overlay-opacity":"","overlay-gradient":""},"tablet":{"background-color":"var(--ast-global-color-5)","background-image":"","background-repeat":"repeat","background-position":"center center","background-size":"auto","background-attachment":"scroll","background-type":"","background-media":"","overlay-type":"","overlay-color":"","overlay-opacity":"","overlay-gradient":""},"mobile":{"background-color":"var(--ast-global-color-5)","background-image":"","background-repeat":"repeat","background-position":"center center","background-size":"auto","background-attachment":"scroll","background-type":"","background-media":"","overlay-type":"","overlay-color":"","overlay-opacity":"","overlay-gradient":""}},"footnotes":""},"class_list":["post-1138","page","type-page","status-publish","hentry"],"aioseo_notices":[],"_hostinger_reach_plugin_has_subscription_block":false,"_hostinger_reach_plugin_is_elementor":false,"uagb_featured_image_src":{"full":false,"thumbnail":false,"medium":false,"medium_large":false,"large":false,"1536x1536":false,"2048x2048":false},"uagb_author_info":{"display_name":"cimex.capacitacion@gmail.com","author_link":"https:\/\/consultoriacimex.com\/homepage\/author\/cimex-capacitaciongmail-com\/"},"uagb_comment_info":0,"uagb_excerpt":"\u00bfQu\u00e9 es la ISO 14001-2015? Sistemas de Gesti\u00f3n Ambiental Beneficios de implementar y certificar&nbsp;ISO 14001 \ud83d\udcd8 Disponer de un Sistema [&hellip;]","_links":{"self":[{"href":"https:\/\/consultoriacimex.com\/homepage\/wp-json\/wp\/v2\/pages\/1138","targetHints":{"allow":["GET"]}}],"collection":[{"href":"https:\/\/consultoriacimex.com\/homepage\/wp-json\/wp\/v2\/pages"}],"about":[{"href":"https:\/\/consultoriacimex.com\/homepage\/wp-json\/wp\/v2\/types\/page"}],"author":[{"embeddable":true,"href":"https:\/\/consultoriacimex.com\/homepage\/wp-json\/wp\/v2\/users\/1"}],"replies":[{"embeddable":true,"href":"https:\/\/consultoriacimex.com\/homepage\/wp-json\/wp\/v2\/comments?post=1138"}],"version-history":[{"count":36,"href":"https:\/\/consultoriacimex.com\/homepage\/wp-json\/wp\/v2\/pages\/1138\/revisions"}],"predecessor-version":[{"id":1649,"href":"https:\/\/consultoriacimex.com\/homepage\/wp-json\/wp\/v2\/pages\/1138\/revisions\/1649"}],"wp:attachment":[{"href":"https:\/\/consultoriacimex.com\/homepage\/wp-json\/wp\/v2\/media?parent=1138"}],"curies":[{"name":"wp","href":"https:\/\/api.w.org\/{rel}","templated":true}]}}