{"id":1069,"date":"2025-11-04T03:59:59","date_gmt":"2025-11-04T03:59:59","guid":{"rendered":"https:\/\/consultoriacimex.com\/?page_id=1069"},"modified":"2026-04-07T20:53:58","modified_gmt":"2026-04-07T20:53:58","slug":"cursos","status":"publish","type":"page","link":"https:\/\/consultoriacimex.com\/homepage\/cursos\/","title":{"rendered":"Preguntas frecuentes"},"content":{"rendered":"\n<div class=\"wp-block-uagb-container uagb-block-84b1a4f4 alignfull uagb-is-root-container\"><div class=\"uagb-container-inner-blocks-wrap\">\n<div class=\"wp-block-uagb-info-box uagb-block-6157101b uagb-infobox__content-wrap  uagb-infobox-icon-above-title uagb-infobox-image-valign-top\"><div class=\"uagb-ifb-content\"><div class=\"uagb-ifb-title-wrap\"><h1 class=\"uagb-ifb-title\">Preguntas Frecuentes<\/h1><\/div><div class=\"uagb-ifb-separator\"><\/div><\/div><\/div>\n<\/div><\/div>\n\n\n\n<div class=\"wp-block-uagb-container uagb-block-b68bbe8b alignfull uagb-is-root-container\"><div class=\"uagb-container-inner-blocks-wrap\">\n<div class=\"wp-block-uagb-info-box uagb-block-531efac9 uagb-infobox__content-wrap  uagb-infobox-icon-above-title uagb-infobox-image-valign-top\"><div class=\"uagb-ifb-content\"><div class=\"uagb-ifb-title-wrap\"><\/div><p class=\"uagb-ifb-desc\">En esta secci\u00f3n, hemos recopilado y respondido las preguntas m\u00e1s comunes para brindarle una fuente r\u00e1pida y confiable de informaci\u00f3n. Nuestro objetivo es aclarar sus dudas de manera eficiente.<\/p><\/div><\/div>\n\n\n<style>#sp-ea-1153 .spcollapsing { height: 0; overflow: hidden; transition-property: height;transition-duration: 300ms;}#sp-ea-1153.sp-easy-accordion>.sp-ea-single {margin-bottom: 10px; border: 1px solid #e2e2e2; }#sp-ea-1153.sp-easy-accordion>.sp-ea-single>.ea-header a {color: #000000;}#sp-ea-1153.sp-easy-accordion>.sp-ea-single>.sp-collapse>.ea-body {background: #fff; color: #000000;}#sp-ea-1153.sp-easy-accordion>.sp-ea-single {background: #ffffff;}#sp-ea-1153.sp-easy-accordion>.sp-ea-single>.ea-header a .ea-expand-icon { float: left; color: #444;font-size: 16px;}<\/style><div id=\"sp_easy_accordion-1762292508\"><div id=\"sp-ea-1153\" class=\"sp-ea-one sp-easy-accordion\" data-ea-active=\"ea-click\" data-ea-mode=\"vertical\" data-preloader=\"\" data-scroll-active-item=\"\" data-offset-to-scroll=\"0\"><div class=\"ea-card ea-expand sp-ea-single\"><h3 class=\"ea-header\"><a class=\"collapsed\" id=\"ea-header-11530\" role=\"button\" data-sptoggle=\"spcollapse\" data-sptarget=\"#collapse11530\" aria-controls=\"collapse11530\" href=\"#\" aria-expanded=\"true\" tabindex=\"0\"><i aria-hidden=\"true\" role=\"presentation\" class=\"ea-expand-icon eap-icon-ea-expand-minus\"><\/i> 1. \u00bfQu\u00e9 tipo de empresas pueden solicitar los servicios de Consultor\u00eda CIMEX?<\/a><\/h3><div class=\"sp-collapse spcollapse collapsed show\" id=\"collapse11530\" data-parent=\"#sp-ea-1153\" role=\"region\" aria-labelledby=\"ea-header-11530\"> <div class=\"ea-body\"><p>Atendemos empresas privadas, organizaciones gubernamentales e instituciones educativas que buscan mejorar su desempe\u00f1o y obtener certificaciones bajo Normas ISO.<\/p><\/div><\/div><\/div><div class=\"ea-card sp-ea-single\"><h3 class=\"ea-header\"><a class=\"collapsed\" id=\"ea-header-11531\" role=\"button\" data-sptoggle=\"spcollapse\" data-sptarget=\"#collapse11531\" aria-controls=\"collapse11531\" href=\"#\" aria-expanded=\"false\" tabindex=\"0\"><i aria-hidden=\"true\" role=\"presentation\" class=\"ea-expand-icon eap-icon-ea-expand-plus\"><\/i> 2. \u00bfQu\u00e9 beneficios obtengo al implementar un Sistema de Gesti\u00f3n de Calidad?<\/a><\/h3><div class=\"sp-collapse spcollapse \" id=\"collapse11531\" data-parent=\"#sp-ea-1153\" role=\"region\" aria-labelledby=\"ea-header-11531\"> <div class=\"ea-body\"><p>Optimiza procesos administrativos, contables, mercadol\u00f3gicos y productivos, mejorando la eficiencia, la sostenibilidad y la competitividad de tu organizaci\u00f3n.<\/p><\/div><\/div><\/div><div class=\"ea-card sp-ea-single\"><h3 class=\"ea-header\"><a class=\"collapsed\" id=\"ea-header-11532\" role=\"button\" data-sptoggle=\"spcollapse\" data-sptarget=\"#collapse11532\" aria-controls=\"collapse11532\" href=\"#\" aria-expanded=\"false\" tabindex=\"0\"><i aria-hidden=\"true\" role=\"presentation\" class=\"ea-expand-icon eap-icon-ea-expand-plus\"><\/i> 3. \u00bfQu\u00e9 certificaciones ISO manejan?<\/a><\/h3><div class=\"sp-collapse spcollapse \" id=\"collapse11532\" data-parent=\"#sp-ea-1153\" role=\"region\" aria-labelledby=\"ea-header-11532\"> <div class=\"ea-body\"><p>Ofrecemos acompa\u00f1amiento en certificaciones para la Tri Norma ISO 9001:2015, ISO 14001 e ISO 45001.<\/p><\/div><\/div><\/div><div class=\"ea-card sp-ea-single\"><h3 class=\"ea-header\"><a class=\"collapsed\" id=\"ea-header-11533\" role=\"button\" data-sptoggle=\"spcollapse\" data-sptarget=\"#collapse11533\" aria-controls=\"collapse11533\" href=\"#\" aria-expanded=\"false\" tabindex=\"0\"><i aria-hidden=\"true\" role=\"presentation\" class=\"ea-expand-icon eap-icon-ea-expand-plus\"><\/i> 4. \u00bfTambi\u00e9n brindan capacitaciones y auditor\u00edas internas?<\/a><\/h3><div class=\"sp-collapse spcollapse \" id=\"collapse11533\" data-parent=\"#sp-ea-1153\" role=\"region\" aria-labelledby=\"ea-header-11533\"> <div class=\"ea-body\"><p>S\u00ed. Contamos con capacitaciones integrales y auditor\u00edas enfocadas en fortalecer las competencias del personal y asegurar el cumplimiento de los est\u00e1ndares ISO.<\/p><\/div><\/div><\/div><div class=\"ea-card sp-ea-single\"><h3 class=\"ea-header\"><a class=\"collapsed\" id=\"ea-header-11534\" role=\"button\" data-sptoggle=\"spcollapse\" data-sptarget=\"#collapse11534\" aria-controls=\"collapse11534\" href=\"#\" aria-expanded=\"false\" tabindex=\"0\"><i aria-hidden=\"true\" role=\"presentation\" class=\"ea-expand-icon eap-icon-ea-expand-plus\"><\/i> 5. \u00bfC\u00f3mo puedo solicitar una cotizaci\u00f3n o informaci\u00f3n personalizada?<\/a><\/h3><div class=\"sp-collapse spcollapse \" id=\"collapse11534\" data-parent=\"#sp-ea-1153\" role=\"region\" aria-labelledby=\"ea-header-11534\"> <div class=\"ea-body\"><p>Puedes solicitar tu cotizaci\u00f3n o resolver dudas directamente a trav\u00e9s de WhatsApp, donde adaptamos cada propuesta a las necesidades de tu empresa.<\/p><\/div><\/div><\/div><div class=\"ea-card sp-ea-single\"><h3 class=\"ea-header\"><a class=\"collapsed\" id=\"ea-header-11535\" role=\"button\" data-sptoggle=\"spcollapse\" data-sptarget=\"#collapse11535\" aria-controls=\"collapse11535\" href=\"#\" aria-expanded=\"false\" tabindex=\"0\"><i aria-hidden=\"true\" role=\"presentation\" class=\"ea-expand-icon eap-icon-ea-expand-plus\"><\/i> 6. \u00bfQu\u00e9 otros servicios complementarios ofrecen adem\u00e1s de las certificaciones ISO?<\/a><\/h3><div class=\"sp-collapse spcollapse \" id=\"collapse11535\" data-parent=\"#sp-ea-1153\" role=\"region\" aria-labelledby=\"ea-header-11535\"> <div class=\"ea-body\"><p>Atendemos \u00e1reas clave como cadenas de suministro, Protecci\u00f3n Civil, Seguridad e Higiene, garantizando resultados tangibles que impulsen el \u00e9xito organizacional.<\/p><\/div><\/div><\/div><\/div><\/div>\n\n\n\n<div class=\"wp-block-columns is-layout-flex wp-container-core-columns-is-layout-28f84493 wp-block-columns-is-layout-flex\">\n<div class=\"wp-block-column is-layout-flow wp-block-column-is-layout-flow\"><\/div>\n\n\n\n<div class=\"wp-block-column is-layout-flow wp-block-column-is-layout-flow\"><\/div>\n<\/div>\n\n\n\n<div class=\"wp-block-columns is-layout-flex wp-container-core-columns-is-layout-28f84493 wp-block-columns-is-layout-flex\">\n<div class=\"wp-block-column is-layout-flow wp-block-column-is-layout-flow\"><\/div>\n\n\n\n<div class=\"wp-block-column is-layout-flow wp-block-column-is-layout-flow\"><\/div>\n<\/div>\n<\/div><\/div>\n","protected":false},"excerpt":{"rendered":"","protected":false},"author":1,"featured_media":0,"parent":0,"menu_order":0,"comment_status":"closed","ping_status":"closed","template":"","meta":{"_surecart_dashboard_logo_width":"180px","_surecart_dashboard_show_logo":true,"_surecart_dashboard_navigation_orders":true,"_surecart_dashboard_navigation_invoices":true,"_surecart_dashboard_navigation_subscriptions":true,"_surecart_dashboard_navigation_downloads":true,"_surecart_dashboard_navigation_billing":true,"_surecart_dashboard_navigation_account":true,"_uag_custom_page_level_css":"","site-sidebar-layout":"default","site-content-layout":"","ast-site-content-layout":"default","site-content-style":"default","site-sidebar-style":"default","ast-global-header-display":"","ast-banner-title-visibility":"","ast-main-header-display":"","ast-hfb-above-header-display":"","ast-hfb-below-header-display":"","ast-hfb-mobile-header-display":"","site-post-title":"disabled","ast-breadcrumbs-content":"","ast-featured-img":"","footer-sml-layout":"","ast-disable-related-posts":"","theme-transparent-header-meta":"enabled","adv-header-id-meta":"","stick-header-meta":"","header-above-stick-meta":"","header-main-stick-meta":"","header-below-stick-meta":"","astra-migrate-meta-layouts":"default","ast-page-background-enabled":"default","ast-page-background-meta":{"desktop":{"background-color":"var(--ast-global-color-4)","background-image":"","background-repeat":"repeat","background-position":"center center","background-size":"auto","background-attachment":"scroll","background-type":"","background-media":"","overlay-type":"","overlay-color":"","overlay-opacity":"","overlay-gradient":""},"tablet":{"background-color":"","background-image":"","background-repeat":"repeat","background-position":"center center","background-size":"auto","background-attachment":"scroll","background-type":"","background-media":"","overlay-type":"","overlay-color":"","overlay-opacity":"","overlay-gradient":""},"mobile":{"background-color":"","background-image":"","background-repeat":"repeat","background-position":"center center","background-size":"auto","background-attachment":"scroll","background-type":"","background-media":"","overlay-type":"","overlay-color":"","overlay-opacity":"","overlay-gradient":""}},"ast-content-background-meta":{"desktop":{"background-color":"var(--ast-global-color-5)","background-image":"","background-repeat":"repeat","background-position":"center center","background-size":"auto","background-attachment":"scroll","background-type":"","background-media":"","overlay-type":"","overlay-color":"","overlay-opacity":"","overlay-gradient":""},"tablet":{"background-color":"var(--ast-global-color-5)","background-image":"","background-repeat":"repeat","background-position":"center center","background-size":"auto","background-attachment":"scroll","background-type":"","background-media":"","overlay-type":"","overlay-color":"","overlay-opacity":"","overlay-gradient":""},"mobile":{"background-color":"var(--ast-global-color-5)","background-image":"","background-repeat":"repeat","background-position":"center center","background-size":"auto","background-attachment":"scroll","background-type":"","background-media":"","overlay-type":"","overlay-color":"","overlay-opacity":"","overlay-gradient":""}},"footnotes":""},"class_list":["post-1069","page","type-page","status-publish","hentry"],"aioseo_notices":[],"_hostinger_reach_plugin_has_subscription_block":false,"_hostinger_reach_plugin_is_elementor":false,"uagb_featured_image_src":{"full":false,"thumbnail":false,"medium":false,"medium_large":false,"large":false,"1536x1536":false,"2048x2048":false},"uagb_author_info":{"display_name":"cimex.capacitacion@gmail.com","author_link":"https:\/\/consultoriacimex.com\/homepage\/author\/cimex-capacitaciongmail-com\/"},"uagb_comment_info":0,"uagb_excerpt":null,"_links":{"self":[{"href":"https:\/\/consultoriacimex.com\/homepage\/wp-json\/wp\/v2\/pages\/1069","targetHints":{"allow":["GET"]}}],"collection":[{"href":"https:\/\/consultoriacimex.com\/homepage\/wp-json\/wp\/v2\/pages"}],"about":[{"href":"https:\/\/consultoriacimex.com\/homepage\/wp-json\/wp\/v2\/types\/page"}],"author":[{"embeddable":true,"href":"https:\/\/consultoriacimex.com\/homepage\/wp-json\/wp\/v2\/users\/1"}],"replies":[{"embeddable":true,"href":"https:\/\/consultoriacimex.com\/homepage\/wp-json\/wp\/v2\/comments?post=1069"}],"version-history":[{"count":8,"href":"https:\/\/consultoriacimex.com\/homepage\/wp-json\/wp\/v2\/pages\/1069\/revisions"}],"predecessor-version":[{"id":6437,"href":"https:\/\/consultoriacimex.com\/homepage\/wp-json\/wp\/v2\/pages\/1069\/revisions\/6437"}],"wp:attachment":[{"href":"https:\/\/consultoriacimex.com\/homepage\/wp-json\/wp\/v2\/media?parent=1069"}],"curies":[{"name":"wp","href":"https:\/\/api.w.org\/{rel}","templated":true}]}}